{"id":8,"date":"2020-06-17T15:02:38","date_gmt":"2020-06-17T21:02:38","guid":{"rendered":"https:\/\/mipachangon.com\/radio\/?page_id=8"},"modified":"2026-03-14T22:19:35","modified_gmt":"2026-03-15T04:19:35","slug":"en-vivo","status":"publish","type":"page","link":"https:\/\/mipachangon.com\/radio\/","title":{"rendered":"En vivo"},"content":{"rendered":"\n<div class=\"wp-block-cover\" style=\"min-height:113px;aspect-ratio:unset;\"><span aria-hidden=\"true\" class=\"wp-block-cover__background has-black-background-color has-background-dim-70 has-background-dim\"><\/span><div class=\"wp-block-cover__inner-container is-layout-flow wp-block-cover-is-layout-flow\">\n<div class=\"wp-block-cover\" style=\"min-height:50px;aspect-ratio:unset;\"><video class=\"wp-block-cover__video-background intrinsic-ignore\" autoplay muted loop playsinline src=\"http:\/\/mipachangon.com\/radio\/wp-content\/uploads\/Radio-Broadcasting-Board.mp4\" data-object-fit=\"cover\"><\/video><span aria-hidden=\"true\" class=\"wp-block-cover__background has-black-background-color has-background-dim-90 has-background-dim\"><\/span><div class=\"wp-block-cover__inner-container is-layout-constrained wp-block-cover-is-layout-constrained\">\n\n\n\n\n<center>\n<iframe src=\"https:\/\/tunein.com\/embed\/player\/s295284?background=dark\" style=\"width:100%; height:100px;\" scrolling=\"no\" frameborder=\"no\"><\/iframe>\n<\/center>\n<\/div><\/div>\n\n\n\n<div style=\"height:50px\" aria-hidden=\"true\" class=\"wp-block-spacer\"><\/div>\n\n\n\n<center>\n<iframe loading=\"lazy\" src=\"https:\/\/www3.cbox.ws\/box\/?boxid=3517594&amp;boxtag=UDMxfK\" allowtransparency=\"yes\" allow=\"autoplay\" marginheight=\"0\" marginwidth=\"0\" scrolling=\"auto\" width=\"100%\" height=\"450\" frameborder=\"0\"><\/iframe>\n<\/center>\n\n\n\n<div style=\"height:25px\" aria-hidden=\"true\" class=\"wp-block-spacer\"><\/div>\n\n\n\n\n\n<div class=\"wp-block-columns is-layout-flex wp-container-core-columns-is-layout-9d6595d7 wp-block-columns-is-layout-flex\">\n<div class=\"wp-block-column is-layout-flow wp-block-column-is-layout-flow\"><\/div>\n\n\n\n<div class=\"wp-block-column is-layout-flow wp-block-column-is-layout-flow\"><\/div>\n<\/div>\n\n\n\n<div style=\"height:25px\" aria-hidden=\"true\" class=\"wp-block-spacer\"><\/div>\n\n\n\n\n\n<div style=\"height:25px\" aria-hidden=\"true\" class=\"wp-block-spacer\"><\/div>\n\n\n\n\n\n<div style=\"height:50px\" aria-hidden=\"true\" class=\"wp-block-spacer\"><\/div>\n\n\n\n<h3 class=\"wp-block-heading has-text-align-center\">Mi Pachang\u00f3n Radio \u2014 \u00a1La Radio Online de los Cumbiamberos!<\/h3>\n\n\n\n<div class=\"wp-block-columns is-layout-flex wp-container-core-columns-is-layout-9d6595d7 wp-block-columns-is-layout-flex\">\n<div class=\"wp-block-column is-layout-flow wp-block-column-is-layout-flow\">\n<p class=\"justify-text has-normal-font-size\"><em><strong>Mi Pachangon Radio<\/strong><\/em>, es la estaci\u00f3n online donde disfrutas todo un derroche de m\u00fasica tropical, con su anfitri\u00f3n Wilfredo Argueta y el selecto staff de locutores ampliamente reconocidos en El Salvador<\/p>\n\n\n\n<p class=\"justify-text has-normal-font-size\">Si te gusta nuestra radio, te invitamos a hacer tus donaciones para seguir llev\u00e1ndola gratis y con contenido profesional. Tus donaciones permiten pagar el server de radio, la p\u00e1gina web y alg\u00fan bocadillo para que tu locutor pueda transmitirte el mejor humor y la memoria de nuestras d\u00e9cadas de m\u00fasica y an\u00e9cdotas se refresque en cada transmisi\u00f3n<\/p>\n\n\n\n<p class=\"justify-text has-normal-font-size\"><strong><em>Mi Pachang\u00f3n Radio<\/em><\/strong>, surge ante la necesidad de implementar una plataforma donde los amantes de la cumbia retro, encuentren su plaza virtual para dar rienda suelta a su gusto musical. Su origen, es el programa reconocido en Radio cadena YSKL \u201c<em>El KL Pachang\u00f3n<\/em>\u201d, que s\u00e1bado a s\u00e1bado entretiene a su p\u00fablico desde hace m\u00e1s de 25 a\u00f1os, en el horario de 8 pm hasta la 1 de la madrugada<\/p>\n\n\n\n<p class=\"justify-text has-normal-font-size\">Ha sido tanta la necesidad del p\u00fablico en escuchar constantemente y no solo los s\u00e1bados, sus \u00e9xitos tropicales favoritos, que solicitaba una radio en l\u00ednea para disfrutar a cualquier hora los temas de mayor resonancia en el g\u00e9nero tropical. Es as\u00ed como surge <strong><em><a href=\"https:\/\/mipachangon.com\/radio\/\">mipachangon.com<\/a><\/em><\/strong>, con el af\u00e1n de satisfacer el gusto de ese gran auditorio y de los amantes de la cumbia en general<\/p>\n<\/div>\n\n\n\n<div class=\"wp-block-column is-layout-flow wp-block-column-is-layout-flow\">\n<figure class=\"wp-block-image size-large is-style-default\"><img loading=\"lazy\" decoding=\"async\" width=\"1024\" height=\"1024\" src=\"https:\/\/mipachangon.com\/radio\/wp-content\/uploads\/banner-plataformas-Mi-Pachangon-Radio-2022-1024x1024.png\" alt=\"\" class=\"wp-image-423\" srcset=\"https:\/\/mipachangon.com\/radio\/wp-content\/uploads\/banner-plataformas-Mi-Pachangon-Radio-2022-1024x1024.png 1024w, https:\/\/mipachangon.com\/radio\/wp-content\/uploads\/banner-plataformas-Mi-Pachangon-Radio-2022-300x300.png 300w, https:\/\/mipachangon.com\/radio\/wp-content\/uploads\/banner-plataformas-Mi-Pachangon-Radio-2022-150x150.png 150w, https:\/\/mipachangon.com\/radio\/wp-content\/uploads\/banner-plataformas-Mi-Pachangon-Radio-2022-768x768.png 768w, https:\/\/mipachangon.com\/radio\/wp-content\/uploads\/banner-plataformas-Mi-Pachangon-Radio-2022-640x640.png 640w, https:\/\/mipachangon.com\/radio\/wp-content\/uploads\/banner-plataformas-Mi-Pachangon-Radio-2022-825x825.png 825w, https:\/\/mipachangon.com\/radio\/wp-content\/uploads\/banner-plataformas-Mi-Pachangon-Radio-2022-100x100.png 100w, https:\/\/mipachangon.com\/radio\/wp-content\/uploads\/banner-plataformas-Mi-Pachangon-Radio-2022-500x500.png 500w, https:\/\/mipachangon.com\/radio\/wp-content\/uploads\/banner-plataformas-Mi-Pachangon-Radio-2022-50x50.png 50w, https:\/\/mipachangon.com\/radio\/wp-content\/uploads\/banner-plataformas-Mi-Pachangon-Radio-2022-560x560.png 560w, https:\/\/mipachangon.com\/radio\/wp-content\/uploads\/banner-plataformas-Mi-Pachangon-Radio-2022-116x116.png 116w, https:\/\/mipachangon.com\/radio\/wp-content\/uploads\/banner-plataformas-Mi-Pachangon-Radio-2022.png 1080w\" sizes=\"auto, (max-width: 1024px) 100vw, 1024px\" \/><\/figure>\n\n\n\n<div style=\"height:5px\" aria-hidden=\"true\" class=\"wp-block-spacer\"><\/div>\n\n\n\n<div class=\"wp-block-cover is-light\" style=\"min-height:146px;aspect-ratio:unset;\"><img loading=\"lazy\" decoding=\"async\" width=\"2560\" height=\"1440\" class=\"wp-block-cover__image-background wp-image-647\" alt=\"\" src=\"https:\/\/mipachangon.com\/radio\/wp-content\/uploads\/caribbean-bg-scaled.jpg\" data-object-fit=\"cover\" srcset=\"https:\/\/mipachangon.com\/radio\/wp-content\/uploads\/caribbean-bg-scaled.jpg 2560w, https:\/\/mipachangon.com\/radio\/wp-content\/uploads\/caribbean-bg-300x169.jpg 300w, https:\/\/mipachangon.com\/radio\/wp-content\/uploads\/caribbean-bg-1024x576.jpg 1024w, https:\/\/mipachangon.com\/radio\/wp-content\/uploads\/caribbean-bg-768x432.jpg 768w, https:\/\/mipachangon.com\/radio\/wp-content\/uploads\/caribbean-bg-1536x864.jpg 1536w, https:\/\/mipachangon.com\/radio\/wp-content\/uploads\/caribbean-bg-2048x1152.jpg 2048w, https:\/\/mipachangon.com\/radio\/wp-content\/uploads\/caribbean-bg-678x381.jpg 678w, https:\/\/mipachangon.com\/radio\/wp-content\/uploads\/caribbean-bg-206x116.jpg 206w\" sizes=\"auto, (max-width: 2560px) 100vw, 2560px\" \/><span aria-hidden=\"true\" class=\"wp-block-cover__background has-background-dim-80 has-background-dim\" style=\"background-color:#eefc00\"><\/span><div class=\"wp-block-cover__inner-container is-layout-flow wp-block-cover-is-layout-flow\">\n<h3 class=\"wp-block-heading has-text-align-center\">Correo de Voz Tropical<\/h3>\n\n\n<div class=\"wp-block-image\">\n<figure class=\"aligncenter size-full\"><a href=\"https:\/\/wa.me\/50377409040\"><img loading=\"lazy\" decoding=\"async\" width=\"500\" height=\"100\" src=\"https:\/\/mipachangon.com\/radio\/wp-content\/uploads\/banner-whatsapp.png\" alt=\"\" class=\"wp-image-645\" srcset=\"https:\/\/mipachangon.com\/radio\/wp-content\/uploads\/banner-whatsapp.png 500w, https:\/\/mipachangon.com\/radio\/wp-content\/uploads\/banner-whatsapp-300x60.png 300w, https:\/\/mipachangon.com\/radio\/wp-content\/uploads\/banner-whatsapp-228x46.png 228w\" sizes=\"auto, (max-width: 500px) 100vw, 500px\" \/><\/a><\/figure>\n<\/div>\n\n\n<p class=\"justify-text has-normal-font-size\"><em><strong>Haz clic en el bot\u00f3n y env\u00edanos tu mensaje de voz, incluyendo nombre, lugar de sinton\u00eda y canci\u00f3n que desees escuchar<\/strong><\/em>. <em><strong>Incluiremos tu voz junto a la canci\u00f3n en nuestra programaci\u00f3n en vivo<\/strong><\/em><\/p>\n<\/div><\/div>\n\n\n<div class=\"wp-block-image\">\n<figure class=\"aligncenter size-full\"><a href=\"https:\/\/play.google.com\/store\/apps\/details?id=mi.pachangonradioapp\" target=\"_blank\" rel=\"noreferrer noopener\"><img loading=\"lazy\" decoding=\"async\" width=\"646\" height=\"250\" src=\"https:\/\/mipachangon.com\/radio\/wp-content\/uploads\/boton-google-play.png\" alt=\"\" class=\"wp-image-574\" srcset=\"https:\/\/mipachangon.com\/radio\/wp-content\/uploads\/boton-google-play.png 646w, https:\/\/mipachangon.com\/radio\/wp-content\/uploads\/boton-google-play-300x116.png 300w, https:\/\/mipachangon.com\/radio\/wp-content\/uploads\/boton-google-play-228x88.png 228w\" sizes=\"auto, (max-width: 646px) 100vw, 646px\" \/><\/a><\/figure>\n<\/div><\/div>\n<\/div>\n\n\n\n<div style=\"height:50px\" aria-hidden=\"true\" class=\"wp-block-spacer\"><\/div>\n\n\n\n<div class=\"wp-block-cover is-light\" style=\"min-height:50px;aspect-ratio:unset;\"><span aria-hidden=\"true\" class=\"wp-block-cover__background has-cyan-bluish-gray-background-color has-background-dim-90 has-background-dim\"><\/span><div class=\"wp-block-cover__inner-container is-layout-constrained wp-block-cover-is-layout-constrained\">\n<p><!-- FB Comments Box-->\n<\/p>\n<p><\/p>\n<p><\/p><center><p><\/p>\n<div id=\"fb-root\"><\/div>\n<p><script async=\"\" defer=\"\" crossorigin=\"anonymous\" src=\"https:\/\/connect.facebook.net\/es_LA\/sdk.js#xfbml=1&amp;version=v8.0&amp;appId=618494811945494&amp;autoLogAppEvents=1\" nonce=\"Jjl6Npiv\"><\/script><\/p>\n<div class=\"fb-comments\" data-href=\"https:\/\/mipachangon.com\" data-numposts=\"10\" data-width=\"100%\" data-colorscheme=\"dark\"><\/div>\n<p>&nbsp;<\/p>\n<p>&nbsp;<\/p>\n<p>&nbsp;<\/p>\n<p>&nbsp;<\/p>\n<p><\/p>\n<p><\/p><\/center><br>\n<!-- end FB Comments Box--><p><\/p>\n<\/div><\/div>\n\n\n\n<div class=\"wp-block-cover\"><span aria-hidden=\"true\" class=\"wp-block-cover__background has-medium-black-background-color has-background-dim-100 has-background-dim\"><\/span><div class=\"wp-block-cover__inner-container is-layout-constrained wp-block-cover-is-layout-constrained\">\n<div style=\"height:50px\" aria-hidden=\"true\" class=\"wp-block-spacer\"><\/div>\n\n\n\n<h3 class=\"wp-block-heading has-text-align-center\">Esc\u00fachenos tambi\u00e9n en otras plataformas difusoras:<\/h3>\n\n\n\n<div style=\"height:25px\" aria-hidden=\"true\" class=\"wp-block-spacer\"><\/div>\n\n\n\n\n\n<div style=\"height:25px\" aria-hidden=\"true\" class=\"wp-block-spacer\"><\/div>\n\n\n<div class=\"wp-block-image\">\n<figure class=\"aligncenter\"><a href=\"https:\/\/tunein.com\/radio\/Mi-Pachangon-Radio-s351530\/\" target=\"_blank\" rel=\"noreferrer noopener\"><img loading=\"lazy\" decoding=\"async\" width=\"600\" height=\"100\" src=\"https:\/\/mipachangon.com\/radio\/wp-content\/uploads\/banner-tunein-1.png\" alt=\"\" class=\"wp-image-456\" srcset=\"https:\/\/mipachangon.com\/radio\/wp-content\/uploads\/banner-tunein-1.png 600w, https:\/\/mipachangon.com\/radio\/wp-content\/uploads\/banner-tunein-1-300x50.png 300w, https:\/\/mipachangon.com\/radio\/wp-content\/uploads\/banner-tunein-1-228x38.png 228w\" sizes=\"auto, (max-width: 600px) 100vw, 600px\" \/><\/a><\/figure>\n<\/div>\n\n<div class=\"wp-block-image\">\n<figure class=\"aligncenter\"><a href=\"https:\/\/www.claromusica.com\/home\/autoPlayRadio\/164207\" target=\"_blank\" rel=\"noreferrer noopener\"><img loading=\"lazy\" decoding=\"async\" width=\"600\" height=\"100\" src=\"https:\/\/mipachangon.com\/radio\/wp-content\/uploads\/banner_claro_musica-1.png\" alt=\"\" class=\"wp-image-457\" srcset=\"https:\/\/mipachangon.com\/radio\/wp-content\/uploads\/banner_claro_musica-1.png 600w, https:\/\/mipachangon.com\/radio\/wp-content\/uploads\/banner_claro_musica-1-300x50.png 300w, https:\/\/mipachangon.com\/radio\/wp-content\/uploads\/banner_claro_musica-1-228x38.png 228w\" sizes=\"auto, (max-width: 600px) 100vw, 600px\" \/><\/a><\/figure>\n<\/div>\n\n<div class=\"wp-block-image\">\n<figure class=\"aligncenter\"><a href=\"https:\/\/onlineradiobox.com\/sv\/mipachangon\/\" target=\"_blank\" rel=\"noreferrer noopener\"><img loading=\"lazy\" decoding=\"async\" width=\"600\" height=\"100\" src=\"https:\/\/mipachangon.com\/radio\/wp-content\/uploads\/Banner-ORB-1.png\" alt=\"\" class=\"wp-image-458\" srcset=\"https:\/\/mipachangon.com\/radio\/wp-content\/uploads\/Banner-ORB-1.png 600w, https:\/\/mipachangon.com\/radio\/wp-content\/uploads\/Banner-ORB-1-300x50.png 300w, https:\/\/mipachangon.com\/radio\/wp-content\/uploads\/Banner-ORB-1-228x38.png 228w\" sizes=\"auto, (max-width: 600px) 100vw, 600px\" \/><\/a><\/figure>\n<\/div>\n\n<div class=\"wp-block-image\">\n<figure class=\"aligncenter size-full\"><a href=\"https:\/\/radioonlinelive.com\/es\/el-salvador\/mi-pachangon-radio\/\" target=\"_blank\" rel=\"noreferrer noopener\"><img loading=\"lazy\" decoding=\"async\" width=\"600\" height=\"100\" src=\"https:\/\/mipachangon.com\/radio\/wp-content\/uploads\/Banner-Radio-Online-Live-transmision-24hrs.png\" alt=\"\" class=\"wp-image-671\" srcset=\"https:\/\/mipachangon.com\/radio\/wp-content\/uploads\/Banner-Radio-Online-Live-transmision-24hrs.png 600w, https:\/\/mipachangon.com\/radio\/wp-content\/uploads\/Banner-Radio-Online-Live-transmision-24hrs-300x50.png 300w, https:\/\/mipachangon.com\/radio\/wp-content\/uploads\/Banner-Radio-Online-Live-transmision-24hrs-228x38.png 228w\" sizes=\"auto, (max-width: 600px) 100vw, 600px\" \/><\/a><\/figure>\n<\/div>\n\n<div class=\"wp-block-image\">\n<figure class=\"aligncenter\"><a href=\"https:\/\/radiomixer.net\/es\/slv\/mipachangon\" target=\"_blank\" rel=\"noreferrer noopener\"><img loading=\"lazy\" decoding=\"async\" width=\"600\" height=\"100\" src=\"https:\/\/mipachangon.com\/radio\/wp-content\/uploads\/Banner-Radio-Mixer.png\" alt=\"\" class=\"wp-image-459\" srcset=\"https:\/\/mipachangon.com\/radio\/wp-content\/uploads\/Banner-Radio-Mixer.png 600w, https:\/\/mipachangon.com\/radio\/wp-content\/uploads\/Banner-Radio-Mixer-300x50.png 300w, https:\/\/mipachangon.com\/radio\/wp-content\/uploads\/Banner-Radio-Mixer-228x38.png 228w\" sizes=\"auto, (max-width: 600px) 100vw, 600px\" \/><\/a><\/figure>\n<\/div>\n\n<div class=\"wp-block-image\">\n<figure class=\"aligncenter\"><a href=\"https:\/\/radios.com.sv\/mi-pachangon\/\" target=\"_blank\" rel=\"noreferrer noopener\"><img loading=\"lazy\" decoding=\"async\" width=\"600\" height=\"100\" src=\"https:\/\/mipachangon.com\/radio\/wp-content\/uploads\/banner-radios_com_sv-1.png\" alt=\"\" class=\"wp-image-509\" srcset=\"https:\/\/mipachangon.com\/radio\/wp-content\/uploads\/banner-radios_com_sv-1.png 600w, https:\/\/mipachangon.com\/radio\/wp-content\/uploads\/banner-radios_com_sv-1-300x50.png 300w, https:\/\/mipachangon.com\/radio\/wp-content\/uploads\/banner-radios_com_sv-1-228x38.png 228w\" sizes=\"auto, (max-width: 600px) 100vw, 600px\" \/><\/a><\/figure>\n<\/div>\n\n<div class=\"wp-block-image\">\n<figure class=\"aligncenter\"><a href=\"https:\/\/zeno.fm\/mi-pachangon\/\" target=\"_blank\" rel=\"noreferrer noopener\"><img loading=\"lazy\" decoding=\"async\" width=\"600\" height=\"100\" src=\"https:\/\/mipachangon.com\/radio\/wp-content\/uploads\/banner_zeno_fm-1.png\" alt=\"\" class=\"wp-image-460\" srcset=\"https:\/\/mipachangon.com\/radio\/wp-content\/uploads\/banner_zeno_fm-1.png 600w, https:\/\/mipachangon.com\/radio\/wp-content\/uploads\/banner_zeno_fm-1-300x50.png 300w, https:\/\/mipachangon.com\/radio\/wp-content\/uploads\/banner_zeno_fm-1-228x38.png 228w\" sizes=\"auto, (max-width: 600px) 100vw, 600px\" \/><\/a><\/figure>\n<\/div>\n\n<div class=\"wp-block-image\">\n<figure class=\"aligncenter size-full\"><a href=\"https:\/\/radiosdeelsalvador.com\/465-mi-pachangon-radio.html\" target=\"_blank\" rel=\" noreferrer noopener\"><img loading=\"lazy\" decoding=\"async\" width=\"600\" height=\"100\" src=\"https:\/\/mipachangon.com\/radio\/wp-content\/uploads\/Banner-RadiosElSalvador_com-transmision-24hrs.png\" alt=\"\" class=\"wp-image-674\" srcset=\"https:\/\/mipachangon.com\/radio\/wp-content\/uploads\/Banner-RadiosElSalvador_com-transmision-24hrs.png 600w, https:\/\/mipachangon.com\/radio\/wp-content\/uploads\/Banner-RadiosElSalvador_com-transmision-24hrs-300x50.png 300w, https:\/\/mipachangon.com\/radio\/wp-content\/uploads\/Banner-RadiosElSalvador_com-transmision-24hrs-228x38.png 228w\" sizes=\"auto, (max-width: 600px) 100vw, 600px\" \/><\/a><\/figure>\n<\/div>\n\n<div class=\"wp-block-image\">\n<figure class=\"aligncenter size-full\"><a href=\"https:\/\/radio.garden\/listen\/mi-pachangon-radio\/A1bSuNhG\" target=\"_blank\" rel=\" noreferrer noopener\"><img loading=\"lazy\" decoding=\"async\" width=\"600\" height=\"100\" src=\"https:\/\/mipachangon.com\/radio\/wp-content\/uploads\/Banner-Radio_garden-transmision-24hrs.png\" alt=\"\" class=\"wp-image-676\" srcset=\"https:\/\/mipachangon.com\/radio\/wp-content\/uploads\/Banner-Radio_garden-transmision-24hrs.png 600w, https:\/\/mipachangon.com\/radio\/wp-content\/uploads\/Banner-Radio_garden-transmision-24hrs-300x50.png 300w, https:\/\/mipachangon.com\/radio\/wp-content\/uploads\/Banner-Radio_garden-transmision-24hrs-228x38.png 228w\" sizes=\"auto, (max-width: 600px) 100vw, 600px\" \/><\/a><\/figure>\n<\/div>\n\n<div class=\"wp-block-image\">\n<figure class=\"aligncenter size-full\"><a href=\"https:\/\/play.google.com\/store\/apps\/details?id=radiosonlinegas.sv\" target=\"_blank\" rel=\" noreferrer noopener\"><img loading=\"lazy\" decoding=\"async\" width=\"600\" height=\"100\" src=\"https:\/\/mipachangon.com\/radio\/wp-content\/uploads\/Banner-CREO-transmision-24hrs.png\" alt=\"\" class=\"wp-image-678\" srcset=\"https:\/\/mipachangon.com\/radio\/wp-content\/uploads\/Banner-CREO-transmision-24hrs.png 600w, https:\/\/mipachangon.com\/radio\/wp-content\/uploads\/Banner-CREO-transmision-24hrs-300x50.png 300w, https:\/\/mipachangon.com\/radio\/wp-content\/uploads\/Banner-CREO-transmision-24hrs-228x38.png 228w\" sizes=\"auto, (max-width: 600px) 100vw, 600px\" \/><\/a><\/figure>\n<\/div>\n\n<div class=\"wp-block-image\">\n<figure class=\"aligncenter\"><a href=\"https:\/\/play.google.com\/store\/apps\/details?id=mi.pachangonradioapp\" target=\"_blank\" rel=\"noreferrer noopener\"><img loading=\"lazy\" decoding=\"async\" width=\"600\" height=\"100\" src=\"https:\/\/mipachangon.com\/radio\/wp-content\/uploads\/Banner-Google-Play-App.png\" alt=\"\" class=\"wp-image-461\" srcset=\"https:\/\/mipachangon.com\/radio\/wp-content\/uploads\/Banner-Google-Play-App.png 600w, https:\/\/mipachangon.com\/radio\/wp-content\/uploads\/Banner-Google-Play-App-300x50.png 300w, https:\/\/mipachangon.com\/radio\/wp-content\/uploads\/Banner-Google-Play-App-228x38.png 228w\" sizes=\"auto, (max-width: 600px) 100vw, 600px\" \/><\/a><\/figure>\n<\/div><\/div><\/div>\n<\/div><\/div>\n\n\n\n<div style=\"height:20px\" aria-hidden=\"true\" class=\"wp-block-spacer\"><\/div>\n\n\n\n\n\n<div style=\"height:20px\" aria-hidden=\"true\" class=\"wp-block-spacer\"><\/div>\n\n\n\n<div style=\"height:20px\" aria-hidden=\"true\" class=\"wp-block-spacer\"><\/div>\n\n\n\n\n","protected":false},"excerpt":{"rendered":"<div class=\"mh-excerpt\"><p>\u00a1La Radio Online de los Cumbiamberos! Transmitiendo desde El Salvador para el mundo entero<br \/>\nEscucha en vivo Mi Pachangon Radio. Mandanos tus saludos y pidenos tus canciones favoritas<\/p>\n<\/div>","protected":false},"author":3,"featured_media":0,"parent":0,"menu_order":0,"comment_status":"closed","ping_status":"closed","template":"","meta":{"footnotes":""},"class_list":["post-8","page","type-page","status-publish","hentry"],"_links":{"self":[{"href":"https:\/\/mipachangon.com\/radio\/wp-json\/wp\/v2\/pages\/8","targetHints":{"allow":["GET"]}}],"collection":[{"href":"https:\/\/mipachangon.com\/radio\/wp-json\/wp\/v2\/pages"}],"about":[{"href":"https:\/\/mipachangon.com\/radio\/wp-json\/wp\/v2\/types\/page"}],"author":[{"embeddable":true,"href":"https:\/\/mipachangon.com\/radio\/wp-json\/wp\/v2\/users\/3"}],"replies":[{"embeddable":true,"href":"https:\/\/mipachangon.com\/radio\/wp-json\/wp\/v2\/comments?post=8"}],"version-history":[{"count":239,"href":"https:\/\/mipachangon.com\/radio\/wp-json\/wp\/v2\/pages\/8\/revisions"}],"predecessor-version":[{"id":726,"href":"https:\/\/mipachangon.com\/radio\/wp-json\/wp\/v2\/pages\/8\/revisions\/726"}],"wp:attachment":[{"href":"https:\/\/mipachangon.com\/radio\/wp-json\/wp\/v2\/media?parent=8"}],"curies":[{"name":"wp","href":"https:\/\/api.w.org\/{rel}","templated":true}]}}